{"id":722,"date":"2023-02-13T15:34:19","date_gmt":"2023-02-13T14:34:19","guid":{"rendered":"https:\/\/maison-kalao.com\/?page_id=722"},"modified":"2025-11-25T15:33:02","modified_gmt":"2025-11-25T14:33:02","slug":"nos-collaborations","status":"publish","type":"page","link":"https:\/\/maison-kalao.com\/?page_id=722","title":{"rendered":"Nos Collaborations"},"content":{"rendered":"\n<p><strong>Lorsque des artisans, des cr\u00e9ateurs, des passionn\u00e9s se rencontrent, \u00e9changent, r\u00eavent ensemble \u00e7a fait na\u00eetre des p\u00e9pites.<\/strong><\/p>\n\n\n\n<h2 class=\"wp-block-heading\">2024 &#8211; BREWING FOR IMPACT &#8211; <\/h2>\n\n\n<div class=\"wp-block-image\">\n<figure class=\"alignleft size-full is-resized\"><img loading=\"lazy\" decoding=\"async\" width=\"1015\" height=\"437\" src=\"https:\/\/maison-kalao.com\/wp-content\/uploads\/2024\/04\/Capture-decran-2024-04-20-a-21.05.52.png\" alt=\"\" class=\"wp-image-2992\" style=\"width:571px;height:auto\" srcset=\"https:\/\/maison-kalao.com\/wp-content\/uploads\/2024\/04\/Capture-decran-2024-04-20-a-21.05.52.png 1015w, https:\/\/maison-kalao.com\/wp-content\/uploads\/2024\/04\/Capture-decran-2024-04-20-a-21.05.52-300x129.png 300w, https:\/\/maison-kalao.com\/wp-content\/uploads\/2024\/04\/Capture-decran-2024-04-20-a-21.05.52-768x331.png 768w\" sizes=\"auto, (max-width: 1015px) 100vw, 1015px\" \/><\/figure>\n<\/div>\n\n\n<figure class=\"wp-block-embed is-type-video is-provider-youtube wp-block-embed-youtube wp-embed-aspect-16-9 wp-has-aspect-ratio\"><div class=\"wp-block-embed__wrapper\">\n<div class=\"nv-iframe-embed\"><iframe loading=\"lazy\" title=\"Brewing For Impact: The Roots Of Fonio With Maison Kalao\" width=\"1200\" height=\"675\" src=\"https:\/\/www.youtube.com\/embed\/I2gMl8_9wxc?feature=oembed\" frameborder=\"0\" allow=\"accelerometer; autoplay; clipboard-write; encrypted-media; gyroscope; picture-in-picture; web-share\" referrerpolicy=\"strict-origin-when-cross-origin\" allowfullscreen><\/iframe><\/div>\n<\/div><\/figure>\n\n\n\n<div style=\"height:100px\" aria-hidden=\"true\" class=\"wp-block-spacer\"><\/div>\n\n\n<div class=\"wp-block-image is-style-default\">\n<figure class=\"aligncenter size-full\"><img loading=\"lazy\" decoding=\"async\" width=\"1366\" height=\"768\" src=\"https:\/\/maison-kalao.com\/wp-content\/uploads\/2024\/04\/Services-2.png\" alt=\"\" class=\"wp-image-2997\" srcset=\"https:\/\/maison-kalao.com\/wp-content\/uploads\/2024\/04\/Services-2.png 1366w, https:\/\/maison-kalao.com\/wp-content\/uploads\/2024\/04\/Services-2-300x169.png 300w, https:\/\/maison-kalao.com\/wp-content\/uploads\/2024\/04\/Services-2-1024x576.png 1024w, https:\/\/maison-kalao.com\/wp-content\/uploads\/2024\/04\/Services-2-768x432.png 768w\" sizes=\"auto, (max-width: 1366px) 100vw, 1366px\" \/><\/figure>\n<\/div>\n\n<div class=\"wp-block-image\">\n<figure class=\"aligncenter size-large\"><img loading=\"lazy\" decoding=\"async\" width=\"1024\" height=\"576\" src=\"https:\/\/maison-kalao.com\/wp-content\/uploads\/2024\/04\/Services-1-1024x576.png\" alt=\"\" class=\"wp-image-2999\" srcset=\"https:\/\/maison-kalao.com\/wp-content\/uploads\/2024\/04\/Services-1-1024x576.png 1024w, https:\/\/maison-kalao.com\/wp-content\/uploads\/2024\/04\/Services-1-300x169.png 300w, https:\/\/maison-kalao.com\/wp-content\/uploads\/2024\/04\/Services-1-768x432.png 768w, https:\/\/maison-kalao.com\/wp-content\/uploads\/2024\/04\/Services-1.png 1366w\" sizes=\"auto, (max-width: 1024px) 100vw, 1024px\" \/><\/figure>\n<\/div>\n\n\n<hr class=\"wp-block-separator has-alpha-channel-opacity\"\/>\n\n\n<div class=\"wp-block-image\">\n<figure class=\"aligncenter size-full is-resized\"><img loading=\"lazy\" decoding=\"async\" width=\"500\" height=\"500\" src=\"https:\/\/maison-kalao.com\/wp-content\/uploads\/2025\/11\/Local-Ethical-Tasty.jpg\" alt=\"\" class=\"wp-image-3246\" style=\"width:392px;height:392px\" srcset=\"https:\/\/maison-kalao.com\/wp-content\/uploads\/2025\/11\/Local-Ethical-Tasty.jpg 500w, https:\/\/maison-kalao.com\/wp-content\/uploads\/2025\/11\/Local-Ethical-Tasty-300x300.jpg 300w, https:\/\/maison-kalao.com\/wp-content\/uploads\/2025\/11\/Local-Ethical-Tasty-150x150.jpg 150w\" sizes=\"auto, (max-width: 500px) 100vw, 500px\" \/><\/figure>\n<\/div>","protected":false},"excerpt":{"rendered":"<p>Lorsque des artisans, des cr\u00e9ateurs, des passionn\u00e9s se rencontrent, \u00e9changent, r\u00eavent ensemble \u00e7a fait na\u00eetre des p\u00e9pites. 2024 &#8211; BREWING FOR IMPACT &#8211;<\/p>\n","protected":false},"author":2,"featured_media":0,"parent":0,"menu_order":0,"comment_status":"closed","ping_status":"closed","template":"","meta":{"neve_meta_sidebar":"","neve_meta_container":"","neve_meta_enable_content_width":"","neve_meta_content_width":0,"neve_meta_title_alignment":"","neve_meta_author_avatar":"","neve_post_elements_order":"","neve_meta_disable_header":"","neve_meta_disable_footer":"","neve_meta_disable_title":"","footnotes":""},"class_list":["post-722","page","type-page","status-publish","hentry"],"_links":{"self":[{"href":"https:\/\/maison-kalao.com\/index.php?rest_route=\/wp\/v2\/pages\/722","targetHints":{"allow":["GET"]}}],"collection":[{"href":"https:\/\/maison-kalao.com\/index.php?rest_route=\/wp\/v2\/pages"}],"about":[{"href":"https:\/\/maison-kalao.com\/index.php?rest_route=\/wp\/v2\/types\/page"}],"author":[{"embeddable":true,"href":"https:\/\/maison-kalao.com\/index.php?rest_route=\/wp\/v2\/users\/2"}],"replies":[{"embeddable":true,"href":"https:\/\/maison-kalao.com\/index.php?rest_route=%2Fwp%2Fv2%2Fcomments&post=722"}],"version-history":[{"count":39,"href":"https:\/\/maison-kalao.com\/index.php?rest_route=\/wp\/v2\/pages\/722\/revisions"}],"predecessor-version":[{"id":3248,"href":"https:\/\/maison-kalao.com\/index.php?rest_route=\/wp\/v2\/pages\/722\/revisions\/3248"}],"wp:attachment":[{"href":"https:\/\/maison-kalao.com\/index.php?rest_route=%2Fwp%2Fv2%2Fmedia&parent=722"}],"curies":[{"name":"wp","href":"https:\/\/api.w.org\/{rel}","templated":true}]}}